{"id":1684,"date":"2024-05-29T17:56:28","date_gmt":"2024-05-29T17:56:28","guid":{"rendered":"https:\/\/cordobaacelera.com.ar\/investcordoba\/?page_id=1684"},"modified":"2025-12-22T16:45:47","modified_gmt":"2025-12-22T19:45:47","slug":"por-que-cordoba","status":"publish","type":"page","link":"https:\/\/cordobaacelera.com.ar\/investcordoba\/por-que-cordoba\/","title":{"rendered":"\u00bfPor qu\u00e9 C\u00f3rdoba? nuevo"},"content":{"rendered":"\t\t<div data-elementor-type=\"wp-page\" data-elementor-id=\"1684\" class=\"elementor elementor-1684\" data-elementor-post-type=\"page\">\n\t\t\t\t<div class=\"elementor-element elementor-element-9da6007 e-flex e-con-boxed e-con e-parent\" data-id=\"9da6007\" data-element_type=\"container\" data-settings=\"{&quot;background_background&quot;:&quot;classic&quot;}\">\n\t\t\t\t\t<div class=\"e-con-inner\">\n\t\t<div class=\"elementor-element elementor-element-7f89dab e-con-full e-flex e-con e-child\" data-id=\"7f89dab\" data-element_type=\"container\">\n\t\t\t\t<div class=\"elementor-element elementor-element-6c0f612 elementor-widget elementor-widget-spacer\" data-id=\"6c0f612\" data-element_type=\"widget\" data-widget_type=\"spacer.default\">\n\t\t\t\t<div class=\"elementor-widget-container\">\n\t\t\t\t\t\t\t<div class=\"elementor-spacer\">\n\t\t\t<div class=\"elementor-spacer-inner\"><\/div>\n\t\t<\/div>\n\t\t\t\t\t\t<\/div>\n\t\t\t\t<\/div>\n\t\t\t\t<div class=\"elementor-element elementor-element-627f36e elementor-widget__width-initial elementor-widget-mobile__width-initial elementor-widget elementor-widget-heading\" data-id=\"627f36e\" data-element_type=\"widget\" data-widget_type=\"heading.default\">\n\t\t\t\t<div class=\"elementor-widget-container\">\n\t\t\t\t\t<h2 class=\"elementor-heading-title elementor-size-default\">Nuestra ciudad, C\u00f3rdoba Capital<\/h2>\t\t\t\t<\/div>\n\t\t\t\t<\/div>\n\t\t\t\t<div class=\"elementor-element elementor-element-60c1f43 elementor-widget-divider--view-line elementor-widget elementor-widget-divider\" data-id=\"60c1f43\" data-element_type=\"widget\" data-widget_type=\"divider.default\">\n\t\t\t\t<div class=\"elementor-widget-container\">\n\t\t\t\t\t\t\t<div class=\"elementor-divider\">\n\t\t\t<span class=\"elementor-divider-separator\">\n\t\t\t\t\t\t<\/span>\n\t\t<\/div>\n\t\t\t\t\t\t<\/div>\n\t\t\t\t<\/div>\n\t\t\t\t<div class=\"elementor-element elementor-element-62f61f1 elementor-widget elementor-widget-heading\" data-id=\"62f61f1\" data-element_type=\"widget\" data-widget_type=\"heading.default\">\n\t\t\t\t<div class=\"elementor-widget-container\">\n\t\t\t\t\t<h2 class=\"elementor-heading-title elementor-size-default\">C\u00f3rdoba se encuentra en el coraz\u00f3n de Argentina. Est\u00e1 ubicada en un punto estrat\u00e9gico para la conexi\u00f3n regional y la integraci\u00f3n entre los pa\u00edses del Mercado Com\u00fan del Sur (MERCOSUR).  <\/h2>\t\t\t\t<\/div>\n\t\t\t\t<\/div>\n\t\t\t\t<\/div>\n\t\t<div class=\"elementor-element elementor-element-55d15b6 e-con-full e-flex e-con e-child\" data-id=\"55d15b6\" data-element_type=\"container\">\n\t\t\t\t<div class=\"elementor-element elementor-element-1381f2b elementor-widget elementor-widget-spacer\" data-id=\"1381f2b\" data-element_type=\"widget\" data-widget_type=\"spacer.default\">\n\t\t\t\t<div class=\"elementor-widget-container\">\n\t\t\t\t\t\t\t<div class=\"elementor-spacer\">\n\t\t\t<div class=\"elementor-spacer-inner\"><\/div>\n\t\t<\/div>\n\t\t\t\t\t\t<\/div>\n\t\t\t\t<\/div>\n\t\t\t\t<div class=\"elementor-element elementor-element-611ea2e elementor-hidden-tablet elementor-hidden-mobile elementor-widget elementor-widget-image\" data-id=\"611ea2e\" data-element_type=\"widget\" data-widget_type=\"image.default\">\n\t\t\t\t<div class=\"elementor-widget-container\">\n\t\t\t\t\t\t\t\t\t\t\t\t\t\t\t\t<a href=\"https:\/\/www.youtube.com\/watch?v=m1-XzQoHQ8U\">\n\t\t\t\t\t\t\t<img fetchpriority=\"high\" decoding=\"async\" width=\"1024\" height=\"683\" src=\"https:\/\/cordobaacelera.com.ar\/investcordoba\/wp-content\/uploads\/2024\/07\/DJI_0166-1024x683.jpg\" class=\"attachment-large size-large wp-image-2577\" alt=\"\" srcset=\"https:\/\/cordobaacelera.com.ar\/investcordoba\/wp-content\/uploads\/2024\/07\/DJI_0166-1024x683.jpg 1024w, https:\/\/cordobaacelera.com.ar\/investcordoba\/wp-content\/uploads\/2024\/07\/DJI_0166-300x200.jpg 300w, https:\/\/cordobaacelera.com.ar\/investcordoba\/wp-content\/uploads\/2024\/07\/DJI_0166-768x512.jpg 768w, https:\/\/cordobaacelera.com.ar\/investcordoba\/wp-content\/uploads\/2024\/07\/DJI_0166-1536x1024.jpg 1536w, https:\/\/cordobaacelera.com.ar\/investcordoba\/wp-content\/uploads\/2024\/07\/DJI_0166-2048x1365.jpg 2048w\" sizes=\"(max-width: 1024px) 100vw, 1024px\" \/>\t\t\t\t\t\t\t\t<\/a>\n\t\t\t\t\t\t\t\t\t\t\t\t\t\t\t<\/div>\n\t\t\t\t<\/div>\n\t\t\t\t<\/div>\n\t\t\t\t\t<\/div>\n\t\t\t\t<\/div>\n\t\t<div class=\"elementor-element elementor-element-7e3d767 e-flex e-con-boxed e-con e-parent\" data-id=\"7e3d767\" data-element_type=\"container\">\n\t\t\t\t\t<div class=\"e-con-inner\">\n\t\t\t\t<div class=\"elementor-element elementor-element-93fbe0b elementor-widget elementor-widget-heading\" data-id=\"93fbe0b\" data-element_type=\"widget\" data-widget_type=\"heading.default\">\n\t\t\t\t<div class=\"elementor-widget-container\">\n\t\t\t\t\t<h2 class=\"elementor-heading-title elementor-size-default\">#C\u00f3rdobaCapital<\/h2>\t\t\t\t<\/div>\n\t\t\t\t<\/div>\n\t\t\t\t\t<\/div>\n\t\t\t\t<\/div>\n\t\t<div class=\"elementor-element elementor-element-999fa52 e-flex e-con-boxed e-con e-parent\" data-id=\"999fa52\" data-element_type=\"container\" data-settings=\"{&quot;background_background&quot;:&quot;classic&quot;}\">\n\t\t\t\t\t<div class=\"e-con-inner\">\n\t\t\t\t<div class=\"elementor-element elementor-element-50c558d elementor-widget__width-inherit elementor-widget elementor-widget-image\" data-id=\"50c558d\" data-element_type=\"widget\" data-widget_type=\"image.default\">\n\t\t\t\t<div class=\"elementor-widget-container\">\n\t\t\t\t\t\t\t\t\t\t\t\t\t\t\t<img decoding=\"async\" width=\"1920\" height=\"1080\" src=\"https:\/\/cordobaacelera.com.ar\/investcordoba\/wp-content\/uploads\/2024\/07\/infografia-invest-fondo-blanco.png\" class=\"attachment-full size-full wp-image-2599\" alt=\"\" srcset=\"https:\/\/cordobaacelera.com.ar\/investcordoba\/wp-content\/uploads\/2024\/07\/infografia-invest-fondo-blanco.png 1920w, https:\/\/cordobaacelera.com.ar\/investcordoba\/wp-content\/uploads\/2024\/07\/infografia-invest-fondo-blanco-300x169.png 300w, https:\/\/cordobaacelera.com.ar\/investcordoba\/wp-content\/uploads\/2024\/07\/infografia-invest-fondo-blanco-1024x576.png 1024w, https:\/\/cordobaacelera.com.ar\/investcordoba\/wp-content\/uploads\/2024\/07\/infografia-invest-fondo-blanco-768x432.png 768w, https:\/\/cordobaacelera.com.ar\/investcordoba\/wp-content\/uploads\/2024\/07\/infografia-invest-fondo-blanco-1536x864.png 1536w\" sizes=\"(max-width: 1920px) 100vw, 1920px\" \/>\t\t\t\t\t\t\t\t\t\t\t\t\t\t\t<\/div>\n\t\t\t\t<\/div>\n\t\t\t\t\t<\/div>\n\t\t\t\t<\/div>\n\t\t<div class=\"elementor-element elementor-element-5c7ef8f e-flex e-con-boxed e-con e-parent\" data-id=\"5c7ef8f\" data-element_type=\"container\">\n\t\t\t\t\t<div class=\"e-con-inner\">\n\t\t<div class=\"elementor-element elementor-element-90778cf e-con-full e-flex e-con e-child\" data-id=\"90778cf\" data-element_type=\"container\">\n\t\t\t\t<div class=\"elementor-element elementor-element-e37f72e elementor-widget elementor-widget-image\" data-id=\"e37f72e\" data-element_type=\"widget\" data-widget_type=\"image.default\">\n\t\t\t\t<div class=\"elementor-widget-container\">\n\t\t\t\t\t\t\t\t\t\t\t\t\t\t\t\t<a href=\"https:\/\/cordobaacelera.com.ar\/investcordoba\/wp-content\/uploads\/2025\/12\/Ordenanza-N-13562-PPAP.pdf\">\n\t\t\t\t\t\t\t<img decoding=\"async\" width=\"724\" height=\"1024\" src=\"https:\/\/cordobaacelera.com.ar\/investcordoba\/wp-content\/uploads\/2025\/12\/Programa-de-Promocion-de-Actividades-Productivas-724x1024.jpg\" class=\"attachment-large size-large wp-image-2800\" alt=\"\" srcset=\"https:\/\/cordobaacelera.com.ar\/investcordoba\/wp-content\/uploads\/2025\/12\/Programa-de-Promocion-de-Actividades-Productivas-724x1024.jpg 724w, https:\/\/cordobaacelera.com.ar\/investcordoba\/wp-content\/uploads\/2025\/12\/Programa-de-Promocion-de-Actividades-Productivas-212x300.jpg 212w, https:\/\/cordobaacelera.com.ar\/investcordoba\/wp-content\/uploads\/2025\/12\/Programa-de-Promocion-de-Actividades-Productivas-768x1086.jpg 768w, https:\/\/cordobaacelera.com.ar\/investcordoba\/wp-content\/uploads\/2025\/12\/Programa-de-Promocion-de-Actividades-Productivas-1086x1536.jpg 1086w, https:\/\/cordobaacelera.com.ar\/investcordoba\/wp-content\/uploads\/2025\/12\/Programa-de-Promocion-de-Actividades-Productivas.jpg 1241w\" sizes=\"(max-width: 724px) 100vw, 724px\" \/>\t\t\t\t\t\t\t\t<\/a>\n\t\t\t\t\t\t\t\t\t\t\t\t\t\t\t<\/div>\n\t\t\t\t<\/div>\n\t\t\t\t<\/div>\n\t\t<div class=\"elementor-element elementor-element-75c3297 e-con-full e-flex e-con e-child\" data-id=\"75c3297\" data-element_type=\"container\">\n\t\t\t\t<div class=\"elementor-element elementor-element-64fc42b elementor-widget elementor-widget-text-editor\" data-id=\"64fc42b\" data-element_type=\"widget\" data-widget_type=\"text-editor.default\">\n\t\t\t\t<div class=\"elementor-widget-container\">\n\t\t\t\t\t\t\t\t\t<p><span style=\"font-style: inherit; background-color: transparent; font-size: 11pt; font-family: 'Maven Pro', sans-serif; color: #000000; font-variant-numeric: normal; font-variant-east-asian: normal; font-variant-alternates: normal; font-variant-position: normal; font-variant-emoji: normal; vertical-align: baseline; white-space-collapse: preserve;\">El <\/span><span style=\"font-style: inherit; background-color: transparent; font-size: 11pt; font-family: 'Maven Pro', sans-serif; color: #000000; font-weight: bold; font-variant-numeric: normal; font-variant-east-asian: normal; font-variant-alternates: normal; font-variant-position: normal; font-variant-emoji: normal; vertical-align: baseline; white-space-collapse: preserve;\">Programa de Promoci\u00f3n de Actividades Productivas<\/span><span style=\"font-style: inherit; font-weight: inherit; background-color: transparent; font-size: 11pt; font-family: 'Maven Pro', sans-serif; color: #000000; font-variant-numeric: normal; font-variant-east-asian: normal; font-variant-alternates: normal; font-variant-position: normal; font-variant-emoji: normal; vertical-align: baseline; white-space-collapse: preserve;\"> creado por la <\/span><a style=\"font-style: inherit; font-weight: inherit; background-color: #e7f6ff;\" href=\"https:\/\/cordobaacelera.com.ar\/wp-content\/uploads\/2025\/12\/Ordenanza-N-13562-PPAP.pdf\"><span style=\"font-size: 11pt; font-family: 'Maven Pro', sans-serif; color: #1155cc; background-color: transparent; font-variant-numeric: normal; font-variant-east-asian: normal; font-variant-alternates: normal; font-variant-position: normal; font-variant-emoji: normal; text-decoration-line: underline; text-decoration-skip-ink: none; vertical-align: baseline; white-space-collapse: preserve;\">Ordenanza N\u00b0 13.562<\/span><\/a><span style=\"font-style: inherit; font-weight: inherit; background-color: transparent; font-size: 11pt; font-family: 'Maven Pro', sans-serif; color: #000000; font-variant-numeric: normal; font-variant-east-asian: normal; font-variant-alternates: normal; font-variant-position: normal; font-variant-emoji: normal; vertical-align: baseline; white-space-collapse: preserve;\"> tiene como objeto incentivar, mediante la sostenibilidad fiscal y la promoci\u00f3n productiva, las inversiones en la econom\u00eda local.<\/span><\/p><p><span style=\"font-size: 11pt; font-family: 'Maven Pro', sans-serif; color: #000000; background-color: transparent; font-variant-numeric: normal; font-variant-east-asian: normal; font-variant-alternates: normal; font-variant-position: normal; font-variant-emoji: normal; vertical-align: baseline; white-space-collapse: preserve;\">Promueve las inversiones en distintas actividades: industrial, desarrollo urbano, tur\u00edsticas y m\u00e9dicas de alta complejidad.<\/span><\/p>\t\t\t\t\t\t\t\t<\/div>\n\t\t\t\t<\/div>\n\t\t\t\t<div class=\"elementor-element elementor-element-f96eac7 elementor-align-left e-transform elementor-widget elementor-widget-button\" data-id=\"f96eac7\" data-element_type=\"widget\" data-settings=\"{&quot;motion_fx_motion_fx_mouse&quot;:&quot;yes&quot;,&quot;motion_fx_tilt_effect&quot;:&quot;yes&quot;,&quot;_transform_rotateZ_effect&quot;:{&quot;unit&quot;:&quot;px&quot;,&quot;size&quot;:0,&quot;sizes&quot;:[]},&quot;motion_fx_tilt_speed&quot;:{&quot;unit&quot;:&quot;px&quot;,&quot;size&quot;:4,&quot;sizes&quot;:[]},&quot;_transform_rotateZ_effect_tablet&quot;:{&quot;unit&quot;:&quot;deg&quot;,&quot;size&quot;:&quot;&quot;,&quot;sizes&quot;:[]},&quot;_transform_rotateZ_effect_mobile&quot;:{&quot;unit&quot;:&quot;deg&quot;,&quot;size&quot;:&quot;&quot;,&quot;sizes&quot;:[]}}\" data-widget_type=\"button.default\">\n\t\t\t\t<div class=\"elementor-widget-container\">\n\t\t\t\t\t\t\t\t\t<div class=\"elementor-button-wrapper\">\n\t\t\t\t\t<a class=\"elementor-button elementor-button-link elementor-size-sm\" href=\"https:\/\/cordobaacelera.com.ar\/investcordoba\/wp-content\/uploads\/2025\/12\/Ordenanza-N-13562-PPAP.pdf\" target=\"_blank\">\n\t\t\t\t\t\t<span class=\"elementor-button-content-wrapper\">\n\t\t\t\t\t\t<span class=\"elementor-button-icon\">\n\t\t\t\t<svg aria-hidden=\"true\" class=\"e-font-icon-svg e-fas-arrow-circle-right\" viewBox=\"0 0 512 512\" xmlns=\"http:\/\/www.w3.org\/2000\/svg\"><path d=\"M256 8c137 0 248 111 248 248S393 504 256 504 8 393 8 256 119 8 256 8zm-28.9 143.6l75.5 72.4H120c-13.3 0-24 10.7-24 24v16c0 13.3 10.7 24 24 24h182.6l-75.5 72.4c-9.7 9.3-9.9 24.8-.4 34.3l11 10.9c9.4 9.4 24.6 9.4 33.9 0L404.3 273c9.4-9.4 9.4-24.6 0-33.9L271.6 106.3c-9.4-9.4-24.6-9.4-33.9 0l-11 10.9c-9.5 9.6-9.3 25.1.4 34.4z\"><\/path><\/svg>\t\t\t<\/span>\n\t\t\t\t\t\t\t\t\t<span class=\"elementor-button-text\">Ver M\u00e1s<\/span>\n\t\t\t\t\t<\/span>\n\t\t\t\t\t<\/a>\n\t\t\t\t<\/div>\n\t\t\t\t\t\t\t\t<\/div>\n\t\t\t\t<\/div>\n\t\t\t\t<\/div>\n\t\t\t\t\t<\/div>\n\t\t\t\t<\/div>\n\t\t\t\t<\/div>\n\t\t","protected":false},"excerpt":{"rendered":"<p>Nuestra ciudad, C\u00f3rdoba Capital C\u00f3rdoba se encuentra en el coraz\u00f3n de Argentina. Est\u00e1 ubicada en un punto estrat\u00e9gico para la conexi\u00f3n regional y la integraci\u00f3n entre los pa\u00edses del Mercado Com\u00fan del Sur (MERCOSUR). #C\u00f3rdobaCapital El Programa de Promoci\u00f3n de Actividades Productivas creado por la Ordenanza N\u00b0 13.562 tiene como objeto incentivar, mediante la sostenibilidad [&hellip;]<\/p>\n","protected":false},"author":2,"featured_media":0,"parent":0,"menu_order":0,"comment_status":"closed","ping_status":"closed","template":"","meta":{"om_disable_all_campaigns":false,"_monsterinsights_skip_tracking":false,"_monsterinsights_sitenote_active":false,"_monsterinsights_sitenote_note":"","_monsterinsights_sitenote_category":0,"_uf_show_specific_survey":0,"_uf_disable_surveys":false,"site-sidebar-layout":"no-sidebar","site-content-layout":"page-builder","ast-site-content-layout":"full-width-container","site-content-style":"default","site-sidebar-style":"default","ast-global-header-display":"","ast-banner-title-visibility":"","ast-main-header-display":"","ast-hfb-above-header-display":"","ast-hfb-below-header-display":"","ast-hfb-mobile-header-display":"","site-post-title":"disabled","ast-breadcrumbs-content":"","ast-featured-img":"disabled","footer-sml-layout":"","ast-disable-related-posts":"","theme-transparent-header-meta":"","adv-header-id-meta":"","stick-header-meta":"","header-above-stick-meta":"","header-main-stick-meta":"","header-below-stick-meta":"","astra-migrate-meta-layouts":"set","ast-page-background-enabled":"default","ast-page-background-meta":{"desktop":{"background-color":"","background-image":"","background-repeat":"repeat","background-position":"center center","background-size":"auto","background-attachment":"scroll","background-type":"","background-media":"","overlay-type":"","overlay-color":"","overlay-opacity":"","overlay-gradient":""},"tablet":{"background-color":"","background-image":"","background-repeat":"repeat","background-position":"center center","background-size":"auto","background-attachment":"scroll","background-type":"","background-media":"","overlay-type":"","overlay-color":"","overlay-opacity":"","overlay-gradient":""},"mobile":{"background-color":"","background-image":"","background-repeat":"repeat","background-position":"center center","background-size":"auto","background-attachment":"scroll","background-type":"","background-media":"","overlay-type":"","overlay-color":"","overlay-opacity":"","overlay-gradient":""}},"ast-content-background-meta":{"desktop":{"background-color":"var(--ast-global-color-5)","background-image":"","background-repeat":"repeat","background-position":"center center","background-size":"auto","background-attachment":"scroll","background-type":"","background-media":"","overlay-type":"","overlay-color":"","overlay-opacity":"","overlay-gradient":""},"tablet":{"background-color":"var(--ast-global-color-5)","background-image":"","background-repeat":"repeat","background-position":"center center","background-size":"auto","background-attachment":"scroll","background-type":"","background-media":"","overlay-type":"","overlay-color":"","overlay-opacity":"","overlay-gradient":""},"mobile":{"background-color":"var(--ast-global-color-5)","background-image":"","background-repeat":"repeat","background-position":"center center","background-size":"auto","background-attachment":"scroll","background-type":"","background-media":"","overlay-type":"","overlay-color":"","overlay-opacity":"","overlay-gradient":""}},"footnotes":""},"class_list":["post-1684","page","type-page","status-publish","hentry"],"aioseo_notices":[],"_links":{"self":[{"href":"https:\/\/cordobaacelera.com.ar\/investcordoba\/wp-json\/wp\/v2\/pages\/1684","targetHints":{"allow":["GET"]}}],"collection":[{"href":"https:\/\/cordobaacelera.com.ar\/investcordoba\/wp-json\/wp\/v2\/pages"}],"about":[{"href":"https:\/\/cordobaacelera.com.ar\/investcordoba\/wp-json\/wp\/v2\/types\/page"}],"author":[{"embeddable":true,"href":"https:\/\/cordobaacelera.com.ar\/investcordoba\/wp-json\/wp\/v2\/users\/2"}],"replies":[{"embeddable":true,"href":"https:\/\/cordobaacelera.com.ar\/investcordoba\/wp-json\/wp\/v2\/comments?post=1684"}],"version-history":[{"count":292,"href":"https:\/\/cordobaacelera.com.ar\/investcordoba\/wp-json\/wp\/v2\/pages\/1684\/revisions"}],"predecessor-version":[{"id":2814,"href":"https:\/\/cordobaacelera.com.ar\/investcordoba\/wp-json\/wp\/v2\/pages\/1684\/revisions\/2814"}],"wp:attachment":[{"href":"https:\/\/cordobaacelera.com.ar\/investcordoba\/wp-json\/wp\/v2\/media?parent=1684"}],"curies":[{"name":"wp","href":"https:\/\/api.w.org\/{rel}","templated":true}]}}